{"id":1416,"date":"2022-02-11T13:34:19","date_gmt":"2022-02-11T12:34:19","guid":{"rendered":"https:\/\/www.leitnhof.com\/winepass\/"},"modified":"2025-01-16T14:26:10","modified_gmt":"2025-01-16T13:26:10","slug":"mobilcard-suedtirol","status":"publish","type":"page","link":"https:\/\/www.leitnhof.com\/it\/mobilcard-suedtirol\/","title":{"rendered":"Alto Adige Guest Pass"},"content":{"rendered":"","protected":false},"excerpt":{"rendered":"","protected":false},"author":1,"featured_media":0,"parent":0,"menu_order":0,"comment_status":"closed","ping_status":"closed","template":"template-unterseiten.php","meta":{"_acf_changed":false,"footnotes":""},"class_list":["post-1416","page","type-page","status-publish","hentry"],"acf":[],"yoast_head":"<!-- This site is optimized with the Yoast SEO plugin v27.0 - https:\/\/yoast.com\/product\/yoast-seo-wordpress\/ -->\n<title>Mobilcard S\u00fcdtirol Appiano sulla strada del vino | La tua esperienza in Alto Adige<\/title>\n<meta name=\"description\" content=\"La Mobilcard S\u00fcdtirol \u00e8 la tua chiave per la felicit\u00e0! Usare i trasporti pubblici.\" \/>\n<meta name=\"robots\" content=\"index, follow, max-snippet:-1, max-image-preview:large, max-video-preview:-1\" \/>\n<link rel=\"canonical\" href=\"https:\/\/www.leitnhof.com\/it\/mobilcard-suedtirol\/\" \/>\n<meta property=\"og:locale\" content=\"it_IT\" \/>\n<meta property=\"og:type\" content=\"article\" \/>\n<meta property=\"og:title\" content=\"Mobilcard S\u00fcdtirol Appiano sulla strada del vino | La tua esperienza in Alto Adige\" \/>\n<meta property=\"og:description\" content=\"La Mobilcard S\u00fcdtirol \u00e8 la tua chiave per la felicit\u00e0! Usare i trasporti pubblici.\" \/>\n<meta property=\"og:url\" content=\"https:\/\/www.leitnhof.com\/it\/mobilcard-suedtirol\/\" \/>\n<meta property=\"og:site_name\" content=\"www.leitnhof.com\" \/>\n<meta property=\"article:modified_time\" content=\"2025-01-16T13:26:10+00:00\" \/>\n<meta name=\"twitter:card\" content=\"summary_large_image\" \/>\n<script type=\"application\/ld+json\" class=\"yoast-schema-graph\">{\"@context\":\"https:\/\/schema.org\",\"@graph\":[{\"@type\":\"WebPage\",\"@id\":\"https:\/\/www.leitnhof.com\/it\/mobilcard-suedtirol\/\",\"url\":\"https:\/\/www.leitnhof.com\/it\/mobilcard-suedtirol\/\",\"name\":\"Mobilcard S\u00fcdtirol Appiano sulla strada del vino | La tua esperienza in Alto Adige\",\"isPartOf\":{\"@id\":\"https:\/\/www.leitnhof.com\/it\/#website\"},\"datePublished\":\"2022-02-11T12:34:19+00:00\",\"dateModified\":\"2025-01-16T13:26:10+00:00\",\"description\":\"La Mobilcard S\u00fcdtirol \u00e8 la tua chiave per la felicit\u00e0! Usare i trasporti pubblici.\",\"breadcrumb\":{\"@id\":\"https:\/\/www.leitnhof.com\/it\/mobilcard-suedtirol\/#breadcrumb\"},\"inLanguage\":\"it-IT\",\"potentialAction\":[{\"@type\":\"ReadAction\",\"target\":[\"https:\/\/www.leitnhof.com\/it\/mobilcard-suedtirol\/\"]}]},{\"@type\":\"BreadcrumbList\",\"@id\":\"https:\/\/www.leitnhof.com\/it\/mobilcard-suedtirol\/#breadcrumb\",\"itemListElement\":[{\"@type\":\"ListItem\",\"position\":1,\"name\":\"Home\",\"item\":\"https:\/\/www.leitnhof.com\/it\/\"},{\"@type\":\"ListItem\",\"position\":2,\"name\":\"Alto Adige Guest Pass\"}]},{\"@type\":\"WebSite\",\"@id\":\"https:\/\/www.leitnhof.com\/it\/#website\",\"url\":\"https:\/\/www.leitnhof.com\/it\/\",\"name\":\"www.leitnhof.com\",\"description\":\"\",\"potentialAction\":[{\"@type\":\"SearchAction\",\"target\":{\"@type\":\"EntryPoint\",\"urlTemplate\":\"https:\/\/www.leitnhof.com\/it\/?s={search_term_string}\"},\"query-input\":{\"@type\":\"PropertyValueSpecification\",\"valueRequired\":true,\"valueName\":\"search_term_string\"}}],\"inLanguage\":\"it-IT\"}]}<\/script>\n<!-- \/ Yoast SEO plugin. -->","yoast_head_json":{"title":"Mobilcard S\u00fcdtirol Appiano sulla strada del vino | La tua esperienza in Alto Adige","description":"La Mobilcard S\u00fcdtirol \u00e8 la tua chiave per la felicit\u00e0! Usare i trasporti pubblici.","robots":{"index":"index","follow":"follow","max-snippet":"max-snippet:-1","max-image-preview":"max-image-preview:large","max-video-preview":"max-video-preview:-1"},"canonical":"https:\/\/www.leitnhof.com\/it\/mobilcard-suedtirol\/","og_locale":"it_IT","og_type":"article","og_title":"Mobilcard S\u00fcdtirol Appiano sulla strada del vino | La tua esperienza in Alto Adige","og_description":"La Mobilcard S\u00fcdtirol \u00e8 la tua chiave per la felicit\u00e0! Usare i trasporti pubblici.","og_url":"https:\/\/www.leitnhof.com\/it\/mobilcard-suedtirol\/","og_site_name":"www.leitnhof.com","article_modified_time":"2025-01-16T13:26:10+00:00","twitter_card":"summary_large_image","schema":{"@context":"https:\/\/schema.org","@graph":[{"@type":"WebPage","@id":"https:\/\/www.leitnhof.com\/it\/mobilcard-suedtirol\/","url":"https:\/\/www.leitnhof.com\/it\/mobilcard-suedtirol\/","name":"Mobilcard S\u00fcdtirol Appiano sulla strada del vino | La tua esperienza in Alto Adige","isPartOf":{"@id":"https:\/\/www.leitnhof.com\/it\/#website"},"datePublished":"2022-02-11T12:34:19+00:00","dateModified":"2025-01-16T13:26:10+00:00","description":"La Mobilcard S\u00fcdtirol \u00e8 la tua chiave per la felicit\u00e0! Usare i trasporti pubblici.","breadcrumb":{"@id":"https:\/\/www.leitnhof.com\/it\/mobilcard-suedtirol\/#breadcrumb"},"inLanguage":"it-IT","potentialAction":[{"@type":"ReadAction","target":["https:\/\/www.leitnhof.com\/it\/mobilcard-suedtirol\/"]}]},{"@type":"BreadcrumbList","@id":"https:\/\/www.leitnhof.com\/it\/mobilcard-suedtirol\/#breadcrumb","itemListElement":[{"@type":"ListItem","position":1,"name":"Home","item":"https:\/\/www.leitnhof.com\/it\/"},{"@type":"ListItem","position":2,"name":"Alto Adige Guest Pass"}]},{"@type":"WebSite","@id":"https:\/\/www.leitnhof.com\/it\/#website","url":"https:\/\/www.leitnhof.com\/it\/","name":"www.leitnhof.com","description":"","potentialAction":[{"@type":"SearchAction","target":{"@type":"EntryPoint","urlTemplate":"https:\/\/www.leitnhof.com\/it\/?s={search_term_string}"},"query-input":{"@type":"PropertyValueSpecification","valueRequired":true,"valueName":"search_term_string"}}],"inLanguage":"it-IT"}]}},"jetpack_sharing_enabled":true,"_links":{"self":[{"href":"https:\/\/www.leitnhof.com\/it\/wp-json\/wp\/v2\/pages\/1416","targetHints":{"allow":["GET"]}}],"collection":[{"href":"https:\/\/www.leitnhof.com\/it\/wp-json\/wp\/v2\/pages"}],"about":[{"href":"https:\/\/www.leitnhof.com\/it\/wp-json\/wp\/v2\/types\/page"}],"author":[{"embeddable":true,"href":"https:\/\/www.leitnhof.com\/it\/wp-json\/wp\/v2\/users\/1"}],"replies":[{"embeddable":true,"href":"https:\/\/www.leitnhof.com\/it\/wp-json\/wp\/v2\/comments?post=1416"}],"version-history":[{"count":10,"href":"https:\/\/www.leitnhof.com\/it\/wp-json\/wp\/v2\/pages\/1416\/revisions"}],"predecessor-version":[{"id":2006,"href":"https:\/\/www.leitnhof.com\/it\/wp-json\/wp\/v2\/pages\/1416\/revisions\/2006"}],"wp:attachment":[{"href":"https:\/\/www.leitnhof.com\/it\/wp-json\/wp\/v2\/media?parent=1416"}],"curies":[{"name":"wp","href":"https:\/\/api.w.org\/{rel}","templated":true}]}}